{"id":1681,"date":"2015-09-27T23:39:32","date_gmt":"2015-09-27T21:39:32","guid":{"rendered":"https:\/\/hallbart.nu\/en\/?page_id=1681"},"modified":"2022-11-29T18:11:07","modified_gmt":"2022-11-29T16:11:07","slug":"our-services","status":"publish","type":"page","link":"https:\/\/hallbart.nu\/en\/our-services\/","title":{"rendered":"Our Services"},"content":{"rendered":"<p><div class=\"fusion-fullwidth fullwidth-box fusion-builder-row-1 fusion-flex-container has-pattern-background has-mask-background fusion-parallax-fixed hallbart-page-hero-img nonhundred-percent-fullwidth non-hundred-percent-height-scrolling\" style=\"background-color: rgba(255,255,255,0);background-image: url(&quot;https:\/\/hallbart.nu\/wp-content\/uploads\/2015\/01\/vara-tjanster.jpg&quot;);background-position: center center;background-repeat: no-repeat;border-width: 0px 0px 0px 0px;border-color:var(--awb-color3);border-style:solid;-webkit-background-size:cover;-moz-background-size:cover;-o-background-size:cover;background-size:cover;background-attachment:fixed;\" ><div class=\"fusion-builder-row fusion-row fusion-flex-align-items-center\" style=\"max-width:1248px;margin-left: calc(-4% \/ 2 );margin-right: calc(-4% \/ 2 );\"><div class=\"fusion-layout-column fusion_builder_column fusion-builder-column-0 fusion_builder_column_1_1 1_1 fusion-flex-column\"><div class=\"fusion-column-wrapper fusion-flex-justify-content-flex-start fusion-content-layout-column\" style=\"background-position:left top;background-repeat:no-repeat;-webkit-background-size:cover;-moz-background-size:cover;-o-background-size:cover;background-size:cover;padding: 0px 0px 0px 0px;\"><style type=\"text\/css\">@media only screen and (max-width:1024px) {.fusion-title.fusion-title-1{margin-top:10px!important; margin-right:0px!important;margin-bottom:15px!important;margin-left:0px!important;}}@media only screen and (max-width:640px) {.fusion-title.fusion-title-1{margin-top:10px!important; margin-right:0px!important;margin-bottom:10px!important; margin-left:0px!important;}}<\/style><div class=\"fusion-title title fusion-title-1 fusion-sep-none fusion-title-center fusion-title-text fusion-title-size-one\" style=\"font-size:36px;margin-top:10px;margin-right:0px;margin-bottom:15px;margin-left:0px;\"><h1 class=\"title-heading-center\" style=\"margin:0;font-size:1em;text-transform:uppercase;color:var(--awb-color1);\">Our services<\/h1><\/div><\/div><style type=\"text\/css\">.fusion-body .fusion-builder-column-0{width:100% !important;margin-top : 0px;margin-bottom : 20px;}.fusion-builder-column-0 > .fusion-column-wrapper {padding-top : 0px !important;padding-right : 0px !important;margin-right : 1.92%;padding-bottom : 0px !important;padding-left : 0px !important;margin-left : 1.92%;}@media only screen and (max-width:1024px) {.fusion-body .fusion-builder-column-0{width:100% !important;order : 0;}.fusion-builder-column-0 > .fusion-column-wrapper {margin-right : 1.92%;margin-left : 1.92%;}}@media only screen and (max-width:640px) {.fusion-body .fusion-builder-column-0{width:100% !important;order : 0;}.fusion-builder-column-0 > .fusion-column-wrapper {margin-right : 1.92%;margin-left : 1.92%;}}<\/style><\/div><\/div><style type=\"text\/css\">.fusion-body .fusion-flex-container.fusion-builder-row-1{ padding-top : 0px;margin-top : 0px;padding-right : 0px;padding-bottom : 0px;margin-bottom : 0px;padding-left : 0px;min-height:300px;}<\/style><\/div><div class=\"fusion-fullwidth fullwidth-box fusion-builder-row-2 fusion-flex-container nonhundred-percent-fullwidth non-hundred-percent-height-scrolling\" style=\"background-color: rgba(255,255,255,0);background-position: center center;background-repeat: no-repeat;border-width: 0px 0px 0px 0px;border-color:var(--awb-color3);border-style:solid;\" ><div class=\"fusion-builder-row fusion-row fusion-flex-align-items-flex-start\" style=\"max-width:1248px;margin-left: calc(-4% \/ 2 );margin-right: calc(-4% \/ 2 );\"><div class=\"fusion-layout-column fusion_builder_column fusion-builder-column-1 fusion_builder_column_1_1 1_1 fusion-flex-column\"><div class=\"fusion-column-wrapper fusion-flex-justify-content-flex-start fusion-content-layout-column\" style=\"background-position:left top;background-repeat:no-repeat;-webkit-background-size:cover;-moz-background-size:cover;-o-background-size:cover;background-size:cover;padding: 0px 0px 0px 0px;\"><div class=\"fusion-text fusion-text-1\"><h2 class=\"p1\"><strong>Work smarter with sustainability!<\/strong><\/h2>\n<p><strong>Strengthen your competitiveness and become a more attractive employer<\/strong><\/p>\n<p><span style=\"color: #16a8e1;\"><strong>Our Services:<\/strong><\/span><br \/>\n<strong>Sustainable organization<\/strong><br \/>\nComplete solution &#8211; where sustainability is integrated throughout the organization<br \/>\n<strong>We help you to create a more sustainable business, with committed\u00a0<\/strong><strong>employees, satisfied customers and better economy. &#8211; A company \/ organization\u00a0<\/strong><strong>which also contribute to a more sustainable society and a more sustainable environment.<\/strong><br \/>\nOur tools and methods will help you to integrate strategically important aspects of sustainable development in environmental, economic, prosperous and society related to the situation of your company or organization.<\/p>\n<p>We help you to:<\/p>\n<ul>\n<li>Create an integrated and holistic approach to sustainable development<\/li>\n<li>Motivate and involve staff<\/li>\n<li>Strengthen cooperation and reinforce the &#8221;we-feeling&#8221; in the organization<\/li>\n<li>Increase customer satisfaction and profitability<\/li>\n<li>Find sustainable innovative solutions<\/li>\n<li>Strengthening the brand<\/li>\n<\/ul>\n<p><a href=\"https:\/\/www.hallbart.nuwp-content\/uploads\/2015\/01\/Pyramiden_IRL_2.png\"><img decoding=\"async\" class=\"pull-right-sm alignnone wp-image-1590 size-medium\" src=\"https:\/\/hallbart.nu\/wp-content\/uploads\/2015\/01\/Pyramiden_IRL_2-300x266.png\" alt=\"Sustainability Pyramid\" width=\"300\" height=\"266\" srcset=\"https:\/\/hallbart.nu\/wp-content\/uploads\/2015\/01\/Pyramiden_IRL_2-300x266.png 300w, https:\/\/hallbart.nu\/wp-content\/uploads\/2015\/01\/Pyramiden_IRL_2-440x390.png 440w, https:\/\/hallbart.nu\/wp-content\/uploads\/2015\/01\/Pyramiden_IRL_2.png 692w\" sizes=\"(max-width: 300px) 100vw, 300px\" \/><\/a><\/p>\n<p><strong>Sustainability Pyramid &#8211; workshop 1 &#8211; 3 Days<\/strong><\/p>\n<ul>\n<li>Workshop for innovation, strategy and action<\/li>\n<li>A workshop that engages and generate new ideas for sustainable development of the whole organization or project<\/li>\n<li>The pyramid is built on five levels and the four sides of the pyramid stand for:\u00a0<span style=\"color: #0e826e;\"><strong>Nature<\/strong><\/span>, <span style=\"color: #16a8e1;\"><strong>Economy<\/strong><\/span>, <span style=\"color: #eaca09;\"><strong>Society<\/strong><\/span>\u00a0and\u00a0<span style=\"color: #d43e15;\"><strong>Wellbeing<\/strong><\/span>.<\/li>\n<\/ul>\n<p><strong>\u00a0<\/strong><\/p>\n<p><strong>Enhance the competitiveness of our benchmarking study<\/strong><\/p>\n<ul>\n<li>You will receive strategic insight into how you compare with competitors and with truly sustainable organization<\/li>\n<li>Will provide excellent input to your Sustainability reporting and ideas for what you can focus on to enhance competitiveness and sustainability<\/li>\n<\/ul>\n<p><strong>Sustainability in the supply chain<br \/>\n<\/strong><\/p>\n<ul>\n<li>Sustainable Supply Chain Management<\/li>\n<\/ul>\n<p><strong>Circular economy and financial areas of focus<br \/>\n<\/strong><\/p>\n<ul>\n<li>We help you get started with the integration of circular economy thinking in your business model<\/li>\n<li>Highlighting profitability and integrate sustainability work into financial reporting<\/li>\n<li>Increase the availability and establishment of green financing<\/li>\n<li>Value-creating investment research and support the re-allocation of funds<\/li>\n<li>Identify the company&#8217;s sustainability exposure (risk)<\/li>\n<li>Achieving goals &#8211; actual implementation, sustainability coaching<\/li>\n<\/ul>\n<p><strong>Coaching for sustainable development<br \/>\n<\/strong><\/p>\n<ul>\n<li>Individual coaching and support for sustainability work<\/li>\n<li>Team coaching<\/li>\n<li>Vision workshop &#8211; backcasting<\/li>\n<\/ul>\n<p><strong>Education<\/strong><\/p>\n<ul>\n<li>Company tailor-made training packages (<a title=\"Contact Us\" href=\"https:\/\/www.hallbart.nukontakta-oss\/\" target=\"_blank\" rel=\"noopener\">contact us<\/a> for Quote)<\/li>\n<li>Open courses &#8211; Sustainability Coach (date of the autumn courses coming soon)<\/li>\n<\/ul>\n<p><strong>Sustainability Report<br \/>\n<\/strong><\/p>\n<ul>\n<li>Sustainability report according to GRI G4<\/li>\n<\/ul>\n<p><strong>Change management<\/strong><br \/>\nWe have extensive experience of &#8221;change management&#8221; and project management with a focus on sustainable development. <a title=\"Contact Us\" href=\"https:\/\/www.hallbart.nukontakta-oss\/\" target=\"_blank\" rel=\"noopener\">Contact us<\/a> for more information.<\/p>\n<\/div><\/div><style type=\"text\/css\">.fusion-body .fusion-builder-column-1{width:100% !important;margin-top : 0px;margin-bottom : 0px;}.fusion-builder-column-1 > .fusion-column-wrapper {padding-top : 0px !important;padding-right : 0px !important;margin-right : 1.92%;padding-bottom : 0px !important;padding-left : 0px !important;margin-left : 1.92%;}@media only screen and (max-width:1024px) {.fusion-body .fusion-builder-column-1{width:100% !important;}.fusion-builder-column-1 > .fusion-column-wrapper {margin-right : 1.92%;margin-left : 1.92%;}}@media only screen and (max-width:640px) {.fusion-body .fusion-builder-column-1{width:100% !important;}.fusion-builder-column-1 > .fusion-column-wrapper {margin-right : 1.92%;margin-left : 1.92%;}}<\/style><\/div><\/div><style type=\"text\/css\">.fusion-body .fusion-flex-container.fusion-builder-row-2{ padding-top : 0px;margin-top : 0px;padding-right : 0px;padding-bottom : 0px;margin-bottom : 0px;padding-left : 0px;}<\/style><\/div><\/p>\n","protected":false},"excerpt":{"rendered":"","protected":false},"author":1,"featured_media":0,"parent":0,"menu_order":2,"comment_status":"closed","ping_status":"closed","template":"100-width.php","meta":{"_mi_skip_tracking":false},"acf":[],"yoast_head":"<!-- This site is optimized with the Yoast SEO plugin v19.11 - https:\/\/yoast.com\/wordpress\/plugins\/seo\/ -->\n<title>Work smarter with sustainability!<\/title>\n<meta name=\"robots\" content=\"index, follow, max-snippet:-1, max-image-preview:large, max-video-preview:-1\" \/>\n<link rel=\"canonical\" href=\"https:\/\/hallbart.nu\/en\/our-services\/\" \/>\n<meta property=\"og:locale\" content=\"en_US\" \/>\n<meta property=\"og:type\" content=\"article\" \/>\n<meta property=\"og:title\" content=\"Work smarter with sustainability!\" \/>\n<meta property=\"og:url\" content=\"https:\/\/hallbart.nu\/en\/our-services\/\" \/>\n<meta property=\"og:site_name\" content=\"H\u00e5llbar Utveckling Sverige AB\" \/>\n<meta property=\"article:modified_time\" content=\"2022-11-29T16:11:07+00:00\" \/>\n<meta property=\"og:image\" content=\"https:\/\/hallbart.nu\/wp-content\/uploads\/2015\/01\/Pyramiden_IRL_2-300x266.png\" \/>\n<meta name=\"twitter:label1\" content=\"Est. reading time\" \/>\n\t<meta name=\"twitter:data1\" content=\"3 minutes\" \/>\n<script type=\"application\/ld+json\" class=\"yoast-schema-graph\">{\"@context\":\"https:\/\/schema.org\",\"@graph\":[{\"@type\":\"WebPage\",\"@id\":\"https:\/\/hallbart.nu\/en\/our-services\/\",\"url\":\"https:\/\/hallbart.nu\/en\/our-services\/\",\"name\":\"Work smarter with sustainability!\",\"isPartOf\":{\"@id\":\"https:\/\/hallbart.nu\/#website\"},\"datePublished\":\"2015-09-27T21:39:32+00:00\",\"dateModified\":\"2022-11-29T16:11:07+00:00\",\"breadcrumb\":{\"@id\":\"https:\/\/hallbart.nu\/en\/our-services\/#breadcrumb\"},\"inLanguage\":\"en-US\",\"potentialAction\":[{\"@type\":\"ReadAction\",\"target\":[\"https:\/\/hallbart.nu\/en\/our-services\/\"]}]},{\"@type\":\"BreadcrumbList\",\"@id\":\"https:\/\/hallbart.nu\/en\/our-services\/#breadcrumb\",\"itemListElement\":[{\"@type\":\"ListItem\",\"position\":1,\"name\":\"Home\",\"item\":\"https:\/\/hallbart.nu\/en\/\"},{\"@type\":\"ListItem\",\"position\":2,\"name\":\"Our Services\"}]},{\"@type\":\"WebSite\",\"@id\":\"https:\/\/hallbart.nu\/#website\",\"url\":\"https:\/\/hallbart.nu\/\",\"name\":\"H\u00e5llbar Utveckling Sverige AB\",\"description\":\"Innovation, partnerskap och handlingskraft f\u00f6r en h\u00e5llbar framtid\",\"potentialAction\":[{\"@type\":\"SearchAction\",\"target\":{\"@type\":\"EntryPoint\",\"urlTemplate\":\"https:\/\/hallbart.nu\/?s={search_term_string}\"},\"query-input\":\"required name=search_term_string\"}],\"inLanguage\":\"en-US\"}]}<\/script>\n<!-- \/ Yoast SEO plugin. -->","yoast_head_json":{"title":"Work smarter with sustainability!","robots":{"index":"index","follow":"follow","max-snippet":"max-snippet:-1","max-image-preview":"max-image-preview:large","max-video-preview":"max-video-preview:-1"},"canonical":"https:\/\/hallbart.nu\/en\/our-services\/","og_locale":"en_US","og_type":"article","og_title":"Work smarter with sustainability!","og_url":"https:\/\/hallbart.nu\/en\/our-services\/","og_site_name":"H\u00e5llbar Utveckling Sverige AB","article_modified_time":"2022-11-29T16:11:07+00:00","og_image":[{"url":"https:\/\/hallbart.nu\/wp-content\/uploads\/2015\/01\/Pyramiden_IRL_2-300x266.png"}],"twitter_misc":{"Est. reading time":"3 minutes"},"schema":{"@context":"https:\/\/schema.org","@graph":[{"@type":"WebPage","@id":"https:\/\/hallbart.nu\/en\/our-services\/","url":"https:\/\/hallbart.nu\/en\/our-services\/","name":"Work smarter with sustainability!","isPartOf":{"@id":"https:\/\/hallbart.nu\/#website"},"datePublished":"2015-09-27T21:39:32+00:00","dateModified":"2022-11-29T16:11:07+00:00","breadcrumb":{"@id":"https:\/\/hallbart.nu\/en\/our-services\/#breadcrumb"},"inLanguage":"en-US","potentialAction":[{"@type":"ReadAction","target":["https:\/\/hallbart.nu\/en\/our-services\/"]}]},{"@type":"BreadcrumbList","@id":"https:\/\/hallbart.nu\/en\/our-services\/#breadcrumb","itemListElement":[{"@type":"ListItem","position":1,"name":"Home","item":"https:\/\/hallbart.nu\/en\/"},{"@type":"ListItem","position":2,"name":"Our Services"}]},{"@type":"WebSite","@id":"https:\/\/hallbart.nu\/#website","url":"https:\/\/hallbart.nu\/","name":"H\u00e5llbar Utveckling Sverige AB","description":"Innovation, partnerskap och handlingskraft f\u00f6r en h\u00e5llbar framtid","potentialAction":[{"@type":"SearchAction","target":{"@type":"EntryPoint","urlTemplate":"https:\/\/hallbart.nu\/?s={search_term_string}"},"query-input":"required name=search_term_string"}],"inLanguage":"en-US"}]}},"_links":{"self":[{"href":"https:\/\/hallbart.nu\/en\/wp-json\/wp\/v2\/pages\/1681"}],"collection":[{"href":"https:\/\/hallbart.nu\/en\/wp-json\/wp\/v2\/pages"}],"about":[{"href":"https:\/\/hallbart.nu\/en\/wp-json\/wp\/v2\/types\/page"}],"author":[{"embeddable":true,"href":"https:\/\/hallbart.nu\/en\/wp-json\/wp\/v2\/users\/1"}],"replies":[{"embeddable":true,"href":"https:\/\/hallbart.nu\/en\/wp-json\/wp\/v2\/comments?post=1681"}],"version-history":[{"count":5,"href":"https:\/\/hallbart.nu\/en\/wp-json\/wp\/v2\/pages\/1681\/revisions"}],"predecessor-version":[{"id":2899,"href":"https:\/\/hallbart.nu\/en\/wp-json\/wp\/v2\/pages\/1681\/revisions\/2899"}],"wp:attachment":[{"href":"https:\/\/hallbart.nu\/en\/wp-json\/wp\/v2\/media?parent=1681"}],"curies":[{"name":"wp","href":"https:\/\/api.w.org\/{rel}","templated":true}]}}