{"id":1686,"date":"2015-09-28T00:06:13","date_gmt":"2015-09-27T22:06:13","guid":{"rendered":"https:\/\/hallbart.nu\/en\/?page_id=1686"},"modified":"2022-11-29T17:07:34","modified_gmt":"2022-11-29T15:07:34","slug":"about-us","status":"publish","type":"page","link":"https:\/\/hallbart.nu\/en\/about-us\/","title":{"rendered":"About us"},"content":{"rendered":"<p><div class=\"fusion-fullwidth fullwidth-box fusion-builder-row-1 fusion-flex-container has-pattern-background has-mask-background fusion-parallax-fixed hallbart-page-hero-img nonhundred-percent-fullwidth non-hundred-percent-height-scrolling\" style=\"background-color: rgba(255,255,255,0);background-image: url(&quot;https:\/\/hallbart.nu\/wp-content\/uploads\/2015\/01\/stockholm-436847_1920-L.jpg&quot;);background-position: center center;background-repeat: no-repeat;border-width: 0px 0px 0px 0px;border-color:var(--awb-color3);border-style:solid;-webkit-background-size:cover;-moz-background-size:cover;-o-background-size:cover;background-size:cover;background-attachment:fixed;\" ><div class=\"fusion-builder-row fusion-row fusion-flex-align-items-center\" style=\"max-width:1248px;margin-left: calc(-4% \/ 2 );margin-right: calc(-4% \/ 2 );\"><div class=\"fusion-layout-column fusion_builder_column fusion-builder-column-0 fusion_builder_column_1_1 1_1 fusion-flex-column\"><div class=\"fusion-column-wrapper fusion-flex-justify-content-flex-start fusion-content-layout-column\" style=\"background-position:left top;background-repeat:no-repeat;-webkit-background-size:cover;-moz-background-size:cover;-o-background-size:cover;background-size:cover;padding: 0px 0px 0px 0px;\"><style type=\"text\/css\">@media only screen and (max-width:1024px) {.fusion-title.fusion-title-1{margin-top:10px!important; margin-right:0px!important;margin-bottom:15px!important;margin-left:0px!important;}}@media only screen and (max-width:640px) {.fusion-title.fusion-title-1{margin-top:10px!important; margin-right:0px!important;margin-bottom:10px!important; margin-left:0px!important;}}<\/style><div class=\"fusion-title title fusion-title-1 fusion-sep-none fusion-title-center fusion-title-text fusion-title-size-one\" style=\"font-size:36px;margin-top:10px;margin-right:0px;margin-bottom:15px;margin-left:0px;\"><h1 class=\"title-heading-center\" style=\"margin:0;font-size:1em;text-transform:uppercase;color:var(--awb-color1);\">About us<\/h1><\/div><\/div><style type=\"text\/css\">.fusion-body .fusion-builder-column-0{width:100% !important;margin-top : 0px;margin-bottom : 20px;}.fusion-builder-column-0 > .fusion-column-wrapper {padding-top : 0px !important;padding-right : 0px !important;margin-right : 1.92%;padding-bottom : 0px !important;padding-left : 0px !important;margin-left : 1.92%;}@media only screen and (max-width:1024px) {.fusion-body .fusion-builder-column-0{width:100% !important;order : 0;}.fusion-builder-column-0 > .fusion-column-wrapper {margin-right : 1.92%;margin-left : 1.92%;}}@media only screen and (max-width:640px) {.fusion-body .fusion-builder-column-0{width:100% !important;order : 0;}.fusion-builder-column-0 > .fusion-column-wrapper {margin-right : 1.92%;margin-left : 1.92%;}}<\/style><\/div><\/div><style type=\"text\/css\">.fusion-body .fusion-flex-container.fusion-builder-row-1{ padding-top : 0px;margin-top : 0px;padding-right : 0px;padding-bottom : 0px;margin-bottom : 0px;padding-left : 0px;min-height:300px;}<\/style><\/div><div class=\"fusion-fullwidth fullwidth-box fusion-builder-row-2 fusion-flex-container nonhundred-percent-fullwidth non-hundred-percent-height-scrolling\" style=\"background-color: rgba(255,255,255,0);background-position: center center;background-repeat: no-repeat;border-width: 0px 0px 0px 0px;border-color:var(--awb-color3);border-style:solid;\" ><div class=\"fusion-builder-row fusion-row fusion-flex-align-items-flex-start\" style=\"max-width:1248px;margin-left: calc(-4% \/ 2 );margin-right: calc(-4% \/ 2 );\"><div class=\"fusion-layout-column fusion_builder_column fusion-builder-column-1 fusion_builder_column_1_1 1_1 fusion-flex-column\"><div class=\"fusion-column-wrapper fusion-flex-justify-content-flex-start fusion-content-layout-column\" style=\"background-position:left top;background-repeat:no-repeat;-webkit-background-size:cover;-moz-background-size:cover;-o-background-size:cover;background-size:cover;padding: 0px 0px 0px 0px;\"><div class=\"fusion-text fusion-text-1\" style=\"color:var(--awb-custom_color_1);\"><p><span style=\"color: #16a8e1;\"><strong>What distinguishes us is above all that:<\/strong><\/span><\/p>\n<\/div><div class=\"fusion-text fusion-text-2\"><ul>\n<li>We have a holistic approach that integrates nature, society, economy and individual well-being.<\/li>\n<li>We use internationally successful methods of innovation-driven sustainable development within the customer&#8217;s core business.<\/li>\n<li>We have a coaching approach with the focus on building up the customer&#8217;s own capacity.<\/li>\n<li>We are performance oriented with a strong focus on increased profitability, risk minimization and value growth.<\/li>\n<\/ul>\n<p>We know that <em>insight<\/em> is crucial to actually implement the changes that are needed for sustainable development. As an example of this we can mention that one of our employees&#8217; former participants, thanks to the insights he gained during training in Sweden, managed to impose requirements <em>popular participation in China&#8217;s legislation on environmental statements &#8211;<\/em> <em>in just two years!<\/em><\/p>\n<p><strong>Background<\/strong><\/p>\n<p>We are a growing team of dedicated and experienced professionals with complementary backgrounds and interests and a common passion for sustainable development.<\/p>\n<p>We combine research and internationally well-proven methods (45 countries, the UN, the EU, cities, companies, etc.) with organizational and leadership development, training and consulting to create sustainable and resilient organizations and action for sustainable development.<\/p>\n<p><strong>Our core values<\/strong><\/p>\n<ul>\n<li>Sustainability<\/li>\n<li>Reliance<\/li>\n<li>Commitment<\/li>\n<li>Happiness<\/li>\n<\/ul>\n<p><strong>Our vision<\/strong><br \/>\nIn 2022, when we celebrate the Stockholm Conference, +50, we are known for our contribution to creating a near-sustainable society in Sweden, which is seen as a real role model and pioneer for the rest of the world.<\/p>\n<p><strong>Partners<\/strong><br \/>\nWe have a large number of partners that we bring in, if necessary, for example:<br \/>\nsustainability experts, management consultants, certified coaches, professional speakers, trainers, artists and universities.<\/p>\n<\/div><\/div><style type=\"text\/css\">.fusion-body .fusion-builder-column-1{width:100% !important;margin-top : 0px;margin-bottom : 0px;}.fusion-builder-column-1 > .fusion-column-wrapper {padding-top : 0px !important;padding-right : 0px !important;margin-right : 1.92%;padding-bottom : 0px !important;padding-left : 0px !important;margin-left : 1.92%;}@media only screen and (max-width:1024px) {.fusion-body .fusion-builder-column-1{width:100% !important;}.fusion-builder-column-1 > .fusion-column-wrapper {margin-right : 1.92%;margin-left : 1.92%;}}@media only screen and (max-width:640px) {.fusion-body .fusion-builder-column-1{width:100% !important;}.fusion-builder-column-1 > .fusion-column-wrapper {margin-right : 1.92%;margin-left : 1.92%;}}<\/style><\/div><\/div><style type=\"text\/css\">.fusion-body .fusion-flex-container.fusion-builder-row-2{ padding-top : 0px;margin-top : 0px;padding-right : 0px;padding-bottom : 0px;margin-bottom : 0px;padding-left : 0px;}<\/style><\/div><\/p>\n","protected":false},"excerpt":{"rendered":"","protected":false},"author":1,"featured_media":0,"parent":0,"menu_order":4,"comment_status":"closed","ping_status":"closed","template":"100-width.php","meta":{"_mi_skip_tracking":false},"acf":[],"yoast_head":"<!-- This site is optimized with the Yoast SEO plugin v19.11 - https:\/\/yoast.com\/wordpress\/plugins\/seo\/ -->\n<title>About us - H\u00e5llbar Utveckling Sverige AB<\/title>\n<meta name=\"robots\" content=\"index, follow, max-snippet:-1, max-image-preview:large, max-video-preview:-1\" \/>\n<link rel=\"canonical\" href=\"https:\/\/hallbart.nu\/en\/about-us\/\" \/>\n<meta property=\"og:locale\" content=\"en_US\" \/>\n<meta property=\"og:type\" content=\"article\" \/>\n<meta property=\"og:title\" content=\"About us - H\u00e5llbar Utveckling Sverige AB\" \/>\n<meta property=\"og:url\" content=\"https:\/\/hallbart.nu\/en\/about-us\/\" \/>\n<meta property=\"og:site_name\" content=\"H\u00e5llbar Utveckling Sverige AB\" \/>\n<meta property=\"article:modified_time\" content=\"2022-11-29T15:07:34+00:00\" \/>\n<meta name=\"twitter:label1\" content=\"Est. reading time\" \/>\n\t<meta name=\"twitter:data1\" content=\"2 minutes\" \/>\n<script type=\"application\/ld+json\" class=\"yoast-schema-graph\">{\"@context\":\"https:\/\/schema.org\",\"@graph\":[{\"@type\":\"WebPage\",\"@id\":\"https:\/\/hallbart.nu\/en\/about-us\/\",\"url\":\"https:\/\/hallbart.nu\/en\/about-us\/\",\"name\":\"About us - H\u00e5llbar Utveckling Sverige AB\",\"isPartOf\":{\"@id\":\"https:\/\/hallbart.nu\/#website\"},\"datePublished\":\"2015-09-27T22:06:13+00:00\",\"dateModified\":\"2022-11-29T15:07:34+00:00\",\"breadcrumb\":{\"@id\":\"https:\/\/hallbart.nu\/en\/about-us\/#breadcrumb\"},\"inLanguage\":\"en-US\",\"potentialAction\":[{\"@type\":\"ReadAction\",\"target\":[\"https:\/\/hallbart.nu\/en\/about-us\/\"]}]},{\"@type\":\"BreadcrumbList\",\"@id\":\"https:\/\/hallbart.nu\/en\/about-us\/#breadcrumb\",\"itemListElement\":[{\"@type\":\"ListItem\",\"position\":1,\"name\":\"Home\",\"item\":\"https:\/\/hallbart.nu\/en\/\"},{\"@type\":\"ListItem\",\"position\":2,\"name\":\"About us\"}]},{\"@type\":\"WebSite\",\"@id\":\"https:\/\/hallbart.nu\/#website\",\"url\":\"https:\/\/hallbart.nu\/\",\"name\":\"H\u00e5llbar Utveckling Sverige AB\",\"description\":\"Innovation, partnerskap och handlingskraft f\u00f6r en h\u00e5llbar framtid\",\"potentialAction\":[{\"@type\":\"SearchAction\",\"target\":{\"@type\":\"EntryPoint\",\"urlTemplate\":\"https:\/\/hallbart.nu\/?s={search_term_string}\"},\"query-input\":\"required name=search_term_string\"}],\"inLanguage\":\"en-US\"}]}<\/script>\n<!-- \/ Yoast SEO plugin. -->","yoast_head_json":{"title":"About us - H\u00e5llbar Utveckling Sverige AB","robots":{"index":"index","follow":"follow","max-snippet":"max-snippet:-1","max-image-preview":"max-image-preview:large","max-video-preview":"max-video-preview:-1"},"canonical":"https:\/\/hallbart.nu\/en\/about-us\/","og_locale":"en_US","og_type":"article","og_title":"About us - H\u00e5llbar Utveckling Sverige AB","og_url":"https:\/\/hallbart.nu\/en\/about-us\/","og_site_name":"H\u00e5llbar Utveckling Sverige AB","article_modified_time":"2022-11-29T15:07:34+00:00","twitter_misc":{"Est. reading time":"2 minutes"},"schema":{"@context":"https:\/\/schema.org","@graph":[{"@type":"WebPage","@id":"https:\/\/hallbart.nu\/en\/about-us\/","url":"https:\/\/hallbart.nu\/en\/about-us\/","name":"About us - H\u00e5llbar Utveckling Sverige AB","isPartOf":{"@id":"https:\/\/hallbart.nu\/#website"},"datePublished":"2015-09-27T22:06:13+00:00","dateModified":"2022-11-29T15:07:34+00:00","breadcrumb":{"@id":"https:\/\/hallbart.nu\/en\/about-us\/#breadcrumb"},"inLanguage":"en-US","potentialAction":[{"@type":"ReadAction","target":["https:\/\/hallbart.nu\/en\/about-us\/"]}]},{"@type":"BreadcrumbList","@id":"https:\/\/hallbart.nu\/en\/about-us\/#breadcrumb","itemListElement":[{"@type":"ListItem","position":1,"name":"Home","item":"https:\/\/hallbart.nu\/en\/"},{"@type":"ListItem","position":2,"name":"About us"}]},{"@type":"WebSite","@id":"https:\/\/hallbart.nu\/#website","url":"https:\/\/hallbart.nu\/","name":"H\u00e5llbar Utveckling Sverige AB","description":"Innovation, partnerskap och handlingskraft f\u00f6r en h\u00e5llbar framtid","potentialAction":[{"@type":"SearchAction","target":{"@type":"EntryPoint","urlTemplate":"https:\/\/hallbart.nu\/?s={search_term_string}"},"query-input":"required name=search_term_string"}],"inLanguage":"en-US"}]}},"_links":{"self":[{"href":"https:\/\/hallbart.nu\/en\/wp-json\/wp\/v2\/pages\/1686"}],"collection":[{"href":"https:\/\/hallbart.nu\/en\/wp-json\/wp\/v2\/pages"}],"about":[{"href":"https:\/\/hallbart.nu\/en\/wp-json\/wp\/v2\/types\/page"}],"author":[{"embeddable":true,"href":"https:\/\/hallbart.nu\/en\/wp-json\/wp\/v2\/users\/1"}],"replies":[{"embeddable":true,"href":"https:\/\/hallbart.nu\/en\/wp-json\/wp\/v2\/comments?post=1686"}],"version-history":[{"count":15,"href":"https:\/\/hallbart.nu\/en\/wp-json\/wp\/v2\/pages\/1686\/revisions"}],"predecessor-version":[{"id":2895,"href":"https:\/\/hallbart.nu\/en\/wp-json\/wp\/v2\/pages\/1686\/revisions\/2895"}],"wp:attachment":[{"href":"https:\/\/hallbart.nu\/en\/wp-json\/wp\/v2\/media?parent=1686"}],"curies":[{"name":"wp","href":"https:\/\/api.w.org\/{rel}","templated":true}]}}