{"id":2075,"date":"2018-05-24T16:55:50","date_gmt":"2018-05-24T14:55:50","guid":{"rendered":"https:\/\/hallbart.nu\/en\/?page_id=2075"},"modified":"2018-05-24T20:34:00","modified_gmt":"2018-05-24T18:34:00","slug":"privacy-policy","status":"publish","type":"page","link":"https:\/\/hallbart.nu\/en\/privacy-policy\/","title":{"rendered":"Privacy Policy"},"content":{"rendered":"<p>This privacy policy applies from 2018-05-24.<\/p>\n<p>The purpose of this Privacy Policy (&#8221;Policyn&#8221;) is to inform you about the personal information we collect when you use our services or visit our website, how it is used, and any of the actions we have taken to protect your personal information. In order to properly process and protect personal data, we comply with the Data Protection Ordinance (EU) 2016\/679 (GDPR).<\/p>\n<p>As the policy may change, we recommend you to review the current version every now and then. If we change something in the Policy, we&#8217;ll update the last updated date further down the page. If you have any questions regarding this Policy or how we handle your personal information please contact us, you will find our contact details below.<\/p>\n<p>&nbsp;<\/p>\n<h2>Who we are<\/h2>\n<p>We are H\u00e5llbar Utveckling Sverige (H\u00e5llbar Utveckling Sverige AB) and we work with sustainability.<br \/>\nFor more about H\u00e5llbar Utveckling Sverige &amp; mission you will find on our homepage <a href=\"https:\/\/hallbart.nu\/\">www.hallbart.nu<\/a>.<\/p>\n<p>&nbsp;<\/p>\n<p>&nbsp;<\/p>\n<h2>What personal data we collect and why we collect it<\/h2>\n<p><strong>Contact forms<\/strong><br \/>\nOn our website we use different contact forms. Through these forms you can contact us or show your interest in our projects.<br \/>\nWith the forms, we collect all necessary information to contact you if we have any questions and also to identify and stop spam. The information that is personal and which we collect today through our various forms on the site is<\/p>\n<ul>\n<li>Name<\/li>\n<li>Business<\/li>\n<li>E-mail<\/li>\n<li>IP Address<\/li>\n<li>User Agent string<\/li>\n<\/ul>\n<p>&nbsp;<\/p>\n<p>&nbsp;<\/p>\n<h3>Cookies<\/h3>\n<p>Our analytics tool creates a cookie for each user to istinguish unique users.<br \/>\nIf you contact us or show interest in one of our projects through any of the forms on our site, you can choose to save your name, email address and website address in cookie files.<br \/>\nThis is for your convenience, because you will not have to fill in this information again the next time you are about to write this information.<br \/>\nYou can block cookies completely from saving to you and clearing previous cookies. It&#8217;s easy and you can read below how you do it depending on which browser you have.<\/p>\n<p><strong>Chrome, Google<\/strong><br \/>\n<a href=\"https:\/\/support.google.com\/chrome\/answer\/95647?hl=sv\" target=\"_blank\" rel=\"noopener\">https:\/\/support.google.com\/chrome\/answer\/95647?hl=sv<\/a><\/p>\n<p><strong>FireFox, Mozilla<\/strong><br \/>\n<a href=\"https:\/\/support.mozilla.org\/sv\/kb\/Ta%20bort%20kakor\" target=\"_blank\" rel=\"noopener\">https:\/\/support.mozilla.org\/sv\/kb\/Ta%20bort%20kakor<\/a><\/p>\n<p><strong>Edge, Microsoft<\/strong><br \/>\n<a href=\"https:\/\/support.microsoft.com\/sv-se\/help\/10607\/microsoft-edge-view-delete-browser-history\" target=\"_blank\" rel=\"noopener\">https:\/\/support.microsoft.com\/sv-se\/help\/10607\/microsoft-edge-view-delete-browser-history<\/a><\/p>\n<p><strong>Internet Explorer, Microsoft<\/strong><br \/>\n<a href=\"https:\/\/support.microsoft.com\/sv-se\/help\/17442\/windows-internet-explorer-delete-manage-cookies\" target=\"_blank\" rel=\"noopener\">https:\/\/support.microsoft.com\/sv-se\/help\/17442\/windows-internet-explorer-delete-manage-cookies<\/a><\/p>\n<p><strong>Safari, Apple<\/strong><br \/>\n<a href=\"https:\/\/support.apple.com\/sv-se\/guide\/safari\/sfri11471\/mac\" target=\"_blank\" rel=\"noopener\">https:\/\/support.apple.com\/sv-se\/guide\/safari\/sfri11471\/mac<\/a><\/p>\n<p>&nbsp;<\/p>\n<h3>Analytics<\/h3>\n<p>We use Google Analytics. Google Analytics tool is used to evaluate the traffic on the site. It involves compiling reports of your behavior on the site in order for H\u00e5llbar Utveckling Sverige to improve content to better meet your needs. Collection is done anonymously, thanks to IP masking that only uses part of the IP address. Therefore, it is not possible to trace an identifiable person&#8217;s activity pattern on the Internet. The collected data is used for statistical purposes only in an anonymized manner. Google will not use your abbreviated IP address with other Google data. An approval of web tracking and analysis can be revoked at any time. For that an add-on to your browser can be downloaded from the Google website and installed (https:\/\/tools.google.com\/dlpage\/gaoptout).<\/p>\n<p>&nbsp;<\/p>\n<h2>Who we share your data with<\/h2>\n<p><strong>Google Inc.<\/strong><br \/>\nUsed for handling analysis and as an email provider.<br \/>\nhttps:\/\/policies.google.com\/privacy<\/p>\n<p><strong>Loopia AB<\/strong><br \/>\nOur web host where the entire site is located with files and database.<br \/>\nhttps:\/\/www.loopia.se\/omloopia\/dataskydd\/<\/p>\n<p>Only those persons who need to process personal data for the above mentioned purposes have access to your personal information.<\/p>\n<p>&nbsp;<\/p>\n<h2>How long we retain your data<\/h2>\n<p>We save your personal information as long as there is a documented purpose to process the data. We may save personal data longer to comply with a legal obligation, such as the Accounting Act.<\/p>\n<p>&nbsp;<\/p>\n<h2>What rights you have over your data<\/h2>\n<p>If you have contacted us or shown interest in any project through any of our forms at Hallbart.nu, you can request an export file containing the personal information we have about you, including any information you have given us. You may also request that we remove any personal information we have about you. This does not include any data we have to save for administrative, legal or security purposes.<\/p>\n<p>&nbsp;<\/p>\n<h3>Where we send your data<\/h3>\n<p>When visitors send a message, show interest or comment, it may be checked through an automated spam detection service.<\/p>\n<p>&nbsp;<\/p>\n<h2>Your contact information<\/h2>\n<p>info@hallbart.nu<br \/>\nVasagatan 36, 2 tr 111 20 Stockholm<\/p>\n<h3>How we protect your data<\/h3>\n<p>We use industry standards such as SSL \/ TLS and one-way hash algorithms to securely store, process and communicate sensitive information such as your personal information. We make sure to remove the data when we no longer need it.<\/p>\n<p>&nbsp;<\/p>\n<h3>What data breach procedures we have in place<\/h3>\n<p>We will report any illegal offenses on this site or in our third party data manager to all relevant persons and authorities within 72 hours after the violation has become known to us if it appears that stored identifiable personal data have been stolen or may in any way affect persons relevant.<\/p>\n<p>&nbsp;<\/p>\n<p><em>Privacy Policy Last Modified 2018-05-24 16:30<\/em><\/p>\n<p>&nbsp;<\/p>\n<p>&nbsp;<\/p>\n<p>&nbsp;<\/p>\n<p>&nbsp;<\/p>\n","protected":false},"excerpt":{"rendered":"<p>This privacy policy applies from 2018-05-24. The purpose of this [&hellip;]<\/p>\n","protected":false},"author":2,"featured_media":0,"parent":0,"menu_order":0,"comment_status":"closed","ping_status":"closed","template":"","meta":{"_mi_skip_tracking":false},"acf":[],"yoast_head":"<!-- This site is optimized with the Yoast SEO plugin v19.11 - https:\/\/yoast.com\/wordpress\/plugins\/seo\/ -->\n<title>Privacy Policy - H\u00e5llbar Utveckling Sverige AB<\/title>\n<meta name=\"robots\" content=\"index, follow, max-snippet:-1, max-image-preview:large, max-video-preview:-1\" \/>\n<link rel=\"canonical\" href=\"https:\/\/hallbart.nu\/en\/privacy-policy\/\" \/>\n<meta property=\"og:locale\" content=\"en_US\" \/>\n<meta property=\"og:type\" content=\"article\" \/>\n<meta property=\"og:title\" content=\"Privacy Policy - H\u00e5llbar Utveckling Sverige AB\" \/>\n<meta property=\"og:description\" content=\"This privacy policy applies from 2018-05-24. The purpose of this [&hellip;]\" \/>\n<meta property=\"og:url\" content=\"https:\/\/hallbart.nu\/en\/privacy-policy\/\" \/>\n<meta property=\"og:site_name\" content=\"H\u00e5llbar Utveckling Sverige AB\" \/>\n<meta property=\"article:modified_time\" content=\"2018-05-24T18:34:00+00:00\" \/>\n<meta name=\"twitter:label1\" content=\"Est. reading time\" \/>\n\t<meta name=\"twitter:data1\" content=\"4 minutes\" \/>\n<script type=\"application\/ld+json\" class=\"yoast-schema-graph\">{\"@context\":\"https:\/\/schema.org\",\"@graph\":[{\"@type\":\"WebPage\",\"@id\":\"https:\/\/hallbart.nu\/en\/privacy-policy\/\",\"url\":\"https:\/\/hallbart.nu\/en\/privacy-policy\/\",\"name\":\"Privacy Policy - H\u00e5llbar Utveckling Sverige AB\",\"isPartOf\":{\"@id\":\"https:\/\/hallbart.nu\/#website\"},\"datePublished\":\"2018-05-24T14:55:50+00:00\",\"dateModified\":\"2018-05-24T18:34:00+00:00\",\"breadcrumb\":{\"@id\":\"https:\/\/hallbart.nu\/en\/privacy-policy\/#breadcrumb\"},\"inLanguage\":\"en-US\",\"potentialAction\":[{\"@type\":\"ReadAction\",\"target\":[\"https:\/\/hallbart.nu\/en\/privacy-policy\/\"]}]},{\"@type\":\"BreadcrumbList\",\"@id\":\"https:\/\/hallbart.nu\/en\/privacy-policy\/#breadcrumb\",\"itemListElement\":[{\"@type\":\"ListItem\",\"position\":1,\"name\":\"Home\",\"item\":\"https:\/\/hallbart.nu\/en\/\"},{\"@type\":\"ListItem\",\"position\":2,\"name\":\"Privacy Policy\"}]},{\"@type\":\"WebSite\",\"@id\":\"https:\/\/hallbart.nu\/#website\",\"url\":\"https:\/\/hallbart.nu\/\",\"name\":\"H\u00e5llbar Utveckling Sverige AB\",\"description\":\"Innovation, partnerskap och handlingskraft f\u00f6r en h\u00e5llbar framtid\",\"potentialAction\":[{\"@type\":\"SearchAction\",\"target\":{\"@type\":\"EntryPoint\",\"urlTemplate\":\"https:\/\/hallbart.nu\/?s={search_term_string}\"},\"query-input\":\"required name=search_term_string\"}],\"inLanguage\":\"en-US\"}]}<\/script>\n<!-- \/ Yoast SEO plugin. -->","yoast_head_json":{"title":"Privacy Policy - H\u00e5llbar Utveckling Sverige AB","robots":{"index":"index","follow":"follow","max-snippet":"max-snippet:-1","max-image-preview":"max-image-preview:large","max-video-preview":"max-video-preview:-1"},"canonical":"https:\/\/hallbart.nu\/en\/privacy-policy\/","og_locale":"en_US","og_type":"article","og_title":"Privacy Policy - H\u00e5llbar Utveckling Sverige AB","og_description":"This privacy policy applies from 2018-05-24. The purpose of this [&hellip;]","og_url":"https:\/\/hallbart.nu\/en\/privacy-policy\/","og_site_name":"H\u00e5llbar Utveckling Sverige AB","article_modified_time":"2018-05-24T18:34:00+00:00","twitter_misc":{"Est. reading time":"4 minutes"},"schema":{"@context":"https:\/\/schema.org","@graph":[{"@type":"WebPage","@id":"https:\/\/hallbart.nu\/en\/privacy-policy\/","url":"https:\/\/hallbart.nu\/en\/privacy-policy\/","name":"Privacy Policy - H\u00e5llbar Utveckling Sverige AB","isPartOf":{"@id":"https:\/\/hallbart.nu\/#website"},"datePublished":"2018-05-24T14:55:50+00:00","dateModified":"2018-05-24T18:34:00+00:00","breadcrumb":{"@id":"https:\/\/hallbart.nu\/en\/privacy-policy\/#breadcrumb"},"inLanguage":"en-US","potentialAction":[{"@type":"ReadAction","target":["https:\/\/hallbart.nu\/en\/privacy-policy\/"]}]},{"@type":"BreadcrumbList","@id":"https:\/\/hallbart.nu\/en\/privacy-policy\/#breadcrumb","itemListElement":[{"@type":"ListItem","position":1,"name":"Home","item":"https:\/\/hallbart.nu\/en\/"},{"@type":"ListItem","position":2,"name":"Privacy Policy"}]},{"@type":"WebSite","@id":"https:\/\/hallbart.nu\/#website","url":"https:\/\/hallbart.nu\/","name":"H\u00e5llbar Utveckling Sverige AB","description":"Innovation, partnerskap och handlingskraft f\u00f6r en h\u00e5llbar framtid","potentialAction":[{"@type":"SearchAction","target":{"@type":"EntryPoint","urlTemplate":"https:\/\/hallbart.nu\/?s={search_term_string}"},"query-input":"required name=search_term_string"}],"inLanguage":"en-US"}]}},"_links":{"self":[{"href":"https:\/\/hallbart.nu\/en\/wp-json\/wp\/v2\/pages\/2075"}],"collection":[{"href":"https:\/\/hallbart.nu\/en\/wp-json\/wp\/v2\/pages"}],"about":[{"href":"https:\/\/hallbart.nu\/en\/wp-json\/wp\/v2\/types\/page"}],"author":[{"embeddable":true,"href":"https:\/\/hallbart.nu\/en\/wp-json\/wp\/v2\/users\/2"}],"replies":[{"embeddable":true,"href":"https:\/\/hallbart.nu\/en\/wp-json\/wp\/v2\/comments?post=2075"}],"version-history":[{"count":7,"href":"https:\/\/hallbart.nu\/en\/wp-json\/wp\/v2\/pages\/2075\/revisions"}],"predecessor-version":[{"id":2093,"href":"https:\/\/hallbart.nu\/en\/wp-json\/wp\/v2\/pages\/2075\/revisions\/2093"}],"wp:attachment":[{"href":"https:\/\/hallbart.nu\/en\/wp-json\/wp\/v2\/media?parent=2075"}],"curies":[{"name":"wp","href":"https:\/\/api.w.org\/{rel}","templated":true}]}}